{"id":2,"date":"2016-03-15T00:00:38","date_gmt":"2016-03-15T00:00:38","guid":{"rendered":"http:\/\/kauneuskulmakaisa.fi\/?page_id=2"},"modified":"2025-09-23T15:55:39","modified_gmt":"2025-09-23T12:55:39","slug":"sample-page","status":"publish","type":"page","link":"https:\/\/kauneuskulmakaisa.fi\/","title":{"rendered":"Etusivu"},"content":{"rendered":"<div id=\"pl-2\"  class=\"panel-layout\" ><div id=\"pg-2-0\"  class=\"panel-grid panel-no-style\" ><div id=\"pgc-2-0-0\"  class=\"panel-grid-cell\" >\n\t\t<div id=\"panel-2-0-0-0\" class=\"so-panel widget widget_recent-posts widget_recent_entries panel-first-child\" data-index=\"0\" ><div class=\"panel-widget-style panel-widget-style-for-2-0-0-0\" >\n\t\t<h3 class=\"widget-title\"><span class=\"widget-title__inline\">Uutiset<\/span><\/h3>\n\t\t<ul>\n\t\t\t\t\t\t\t\t\t\t\t<li>\n\t\t\t\t\t<a href=\"https:\/\/kauneuskulmakaisa.fi\/index.php\/2024\/03\/13\/uutta-suomessa-kollageeni-silkkilankakohotus-klikkaa-ja-lue-lisaa\/\">Kollageeni silkkilankakohotus, klikkaa ja lue lis\u00e4\u00e4!<\/a>\n\t\t\t\t\t\t\t\t\t\t\t<span class=\"post-date\">13\/03\/2024<\/span>\n\t\t\t\t\t\t\t\t\t<\/li>\n\t\t\t\t\t<\/ul>\n\n\t\t<\/div><\/div><div id=\"panel-2-0-0-1\" class=\"so-panel widget widget_sow-editor panel-last-child\" data-index=\"1\" ><div\n\t\t\t\n\t\t\tclass=\"so-widget-sow-editor so-widget-sow-editor-base\"\n\t\t\t\n\t\t>\n<div class=\"siteorigin-widget-tinymce textwidget\">\n\t<p><strong>Kauneuskulma Kaisa<\/strong><\/p>\n<p>Viihtyis\u00e4 kauneushoitola, jossa tunnet itsesi ainutlaatuiseksi!<\/p>\n<p>Kauneuskulma Kaisasta saat laajan valikoiman kauneudenhoitopalveluja, kuten kasvohoidot, erikoiskasvohoidot, vartalohoidot, k\u00e4si- ja jalkahoidot, karvojenpoistot l\u00e4mminvahalla tai sokerilla. Kestov\u00e4rj\u00e4ykset, ripsien kestotaivutus sek\u00e4 Shellac- kestolakkaukset. Kuumakivihieronta koko vartalolle sek\u00e4 intialainen p\u00e4\u00e4nhieronta rentouttaa kehon ja mielen.<\/p>\n<p>Hoitolasta l\u00f6yd\u00e4t turvalliset ja tehokkaat ihonhoitotuotteet kaikenik\u00e4isille. Edustamme laadukasta Bernard Cassiere-tuotesarjaa. Tuotteet pohjautuvat kasviper\u00e4isiin raaka-aineisiin eik\u00e4 tuotekehityksen miss\u00e4\u00e4n vaiheessa k\u00e4ytet\u00e4 el\u00e4inkokeita. Bernard Cassiere k\u00e4ytt\u00e4\u00e4 my\u00f6s tuotteissaan Reilun Kaupan raaka-aineita. Laajasta tuotevalikoimastani l\u00f6yd\u00e4t kotihoitotuotteet kasvoille ja koko vartalolle.<\/p>\n<p>Kauneushoitolassamme sinua palvelee iloinen ja ammattitaitoinen henkil\u00f6kunta. Tervetuloa rentoutumaan!<\/p>\n<\/div>\n<\/div><\/div><\/div><div id=\"pgc-2-0-1\"  class=\"panel-grid-cell\" ><div id=\"panel-2-0-1-0\" class=\"so-panel widget widget_sow-image panel-first-child\" data-index=\"2\" ><div\n\t\t\t\n\t\t\tclass=\"so-widget-sow-image so-widget-sow-image-default-8b5b6f678277-2\"\n\t\t\t\n\t\t>\n<div class=\"sow-image-container\">\n\t\t<img loading=\"lazy\" decoding=\"async\" src=\"https:\/\/kauneuskulmakaisa.fi\/wp-content\/uploads\/2018\/12\/etu2_1.jpg\" width=\"1425\" height=\"936\" srcset=\"https:\/\/kauneuskulmakaisa.fi\/wp-content\/uploads\/2018\/12\/etu2_1.jpg 1425w, https:\/\/kauneuskulmakaisa.fi\/wp-content\/uploads\/2018\/12\/etu2_1-300x197.jpg 300w, https:\/\/kauneuskulmakaisa.fi\/wp-content\/uploads\/2018\/12\/etu2_1-1024x673.jpg 1024w\" sizes=\"auto, (max-width: 1425px) 100vw, 1425px\" alt=\"\" \t\tclass=\"so-widget-image\"\/>\n\t<\/div>\n\n<\/div><\/div><div id=\"panel-2-0-1-1\" class=\"so-panel widget widget_sow-image panel-last-child\" data-index=\"3\" ><div\n\t\t\t\n\t\t\tclass=\"so-widget-sow-image so-widget-sow-image-default-8b5b6f678277-2\"\n\t\t\t\n\t\t>\n<div class=\"sow-image-container\">\n\t\t<img loading=\"lazy\" decoding=\"async\" src=\"https:\/\/kauneuskulmakaisa.fi\/wp-content\/uploads\/2018\/12\/etu1_1.jpg\" width=\"1392\" height=\"921\" srcset=\"https:\/\/kauneuskulmakaisa.fi\/wp-content\/uploads\/2018\/12\/etu1_1.jpg 1392w, https:\/\/kauneuskulmakaisa.fi\/wp-content\/uploads\/2018\/12\/etu1_1-300x198.jpg 300w, https:\/\/kauneuskulmakaisa.fi\/wp-content\/uploads\/2018\/12\/etu1_1-1024x678.jpg 1024w\" sizes=\"auto, (max-width: 1392px) 100vw, 1392px\" alt=\"\" \t\tclass=\"so-widget-image\"\/>\n\t<\/div>\n\n<\/div><\/div><\/div><\/div><div id=\"pg-2-1\"  class=\"panel-grid panel-no-style\" ><div id=\"pgc-2-1-0\"  class=\"panel-grid-cell panel-grid-cell-empty\" ><\/div><\/div><\/div>","protected":false},"excerpt":{"rendered":"<p>Kauneuskulma Kaisa Viihtyis\u00e4 kauneushoitola, jossa tunnet itsesi ainutlaatuiseksi! Kauneuskulma Kaisasta saat laajan valikoiman kauneudenhoitopalveluja, kuten kasvohoidot, erikoiskasvohoidot, vartalohoidot, k\u00e4si- ja jalkahoidot, karvojenpoistot l\u00e4mminvahalla tai sokerilla. Kestov\u00e4rj\u00e4ykset, ripsien kestotaivutus sek\u00e4 Shellac- kestolakkaukset. Kuumakivihieronta koko vartalolle sek\u00e4 intialainen p\u00e4\u00e4nhieronta rentouttaa kehon ja mielen. Hoitolasta l\u00f6yd\u00e4t turvalliset ja tehokkaat ihonhoitotuotteet kaikenik\u00e4isille. Edustamme laadukasta Bernard Cassiere-tuotesarjaa. Tuotteet pohjautuvat kasviper\u00e4isiin &hellip;<\/p>\n","protected":false},"author":1,"featured_media":0,"parent":0,"menu_order":0,"comment_status":"closed","ping_status":"open","template":"template-front-page-slider.php","meta":{"_acf_changed":false,"footnotes":""},"class_list":["post-2","page","type-page","status-publish","hentry"],"acf":[],"_links":{"self":[{"href":"https:\/\/kauneuskulmakaisa.fi\/index.php\/wp-json\/wp\/v2\/pages\/2","targetHints":{"allow":["GET"]}}],"collection":[{"href":"https:\/\/kauneuskulmakaisa.fi\/index.php\/wp-json\/wp\/v2\/pages"}],"about":[{"href":"https:\/\/kauneuskulmakaisa.fi\/index.php\/wp-json\/wp\/v2\/types\/page"}],"author":[{"embeddable":true,"href":"https:\/\/kauneuskulmakaisa.fi\/index.php\/wp-json\/wp\/v2\/users\/1"}],"replies":[{"embeddable":true,"href":"https:\/\/kauneuskulmakaisa.fi\/index.php\/wp-json\/wp\/v2\/comments?post=2"}],"version-history":[{"count":64,"href":"https:\/\/kauneuskulmakaisa.fi\/index.php\/wp-json\/wp\/v2\/pages\/2\/revisions"}],"predecessor-version":[{"id":1230,"href":"https:\/\/kauneuskulmakaisa.fi\/index.php\/wp-json\/wp\/v2\/pages\/2\/revisions\/1230"}],"wp:attachment":[{"href":"https:\/\/kauneuskulmakaisa.fi\/index.php\/wp-json\/wp\/v2\/media?parent=2"}],"curies":[{"name":"wp","href":"https:\/\/api.w.org\/{rel}","templated":true}]}}