{"id":51,"date":"2016-03-15T00:00:49","date_gmt":"2016-03-15T00:00:49","guid":{"rendered":"http:\/\/kauneuskulmakaisa.fi\/?page_id=51"},"modified":"2025-02-10T13:54:26","modified_gmt":"2025-02-10T11:54:26","slug":"tuotteet","status":"publish","type":"page","link":"https:\/\/kauneuskulmakaisa.fi\/index.php\/tuotteet\/","title":{"rendered":"Tuotteet"},"content":{"rendered":"<div id=\"pl-51\"  class=\"panel-layout\" ><div id=\"pg-51-0\"  class=\"panel-grid panel-no-style\" ><div id=\"pgc-51-0-0\"  class=\"panel-grid-cell panel-grid-cell-mobile-last\" ><div id=\"panel-51-0-0-0\" class=\"so-panel widget widget_sow-editor panel-first-child panel-last-child\" data-index=\"0\" ><div\n\t\t\t\n\t\t\tclass=\"so-widget-sow-editor so-widget-sow-editor-base\"\n\t\t\t\n\t\t>\n<div class=\"siteorigin-widget-tinymce textwidget\">\n\t<p>K\u00e4yt\u00e4mme hoidoissamme tunnettuja ja laadukkaita kosmetologien ammattisarjoja, joista on saatavilla tehokkaat tuotteet my\u00f6s kotik\u00e4ytt\u00f6\u00f6n.<\/p>\n<p>Bernard Cassiere on ranskalainen ihonhoitosarja, jonka synnyinsijat ovat etel\u00e4isess\u00e4 Ranskassa, Brivess\u00e4. Tuotesarja on ollut markkinoilla jo 1990-luvun alusta l\u00e4htien. Sarja erottuu modernina ja innovatiivisena kauneushoitolasarjana.<\/p>\n<p>Palveluistamme l\u00f6ytyy my\u00f6s Infuzion System hoitomenetelm\u00e4, sek\u00e4 Suomalainen IN17 Skincare kosmetiikkasarja, joka on kehitetty tulokselliseen ihonhoitoon. IN17 tuotteet valmistetaan Suomessa ja ne ovat Avainlippu-tuotteita.<\/p>\n<p>L\u00e4mpim\u00e4sti tervetuloa tutustumaan ja ostoksille!<\/p>\n<p>&nbsp;<\/p>\n<p><a href=\"http:\/\/www.bernardcassiere.fi\">www.bernardcassiere.fi<\/a><\/p>\n<div><\/div>\n<\/div>\n<\/div><\/div><\/div><div id=\"pgc-51-0-1\"  class=\"panel-grid-cell panel-grid-cell-empty\" ><\/div><\/div><\/div>","protected":false},"excerpt":{"rendered":"<p>K\u00e4yt\u00e4mme hoidoissamme tunnettuja ja laadukkaita kosmetologien ammattisarjoja, joista on saatavilla tehokkaat tuotteet my\u00f6s kotik\u00e4ytt\u00f6\u00f6n. Bernard Cassiere on ranskalainen ihonhoitosarja, jonka synnyinsijat ovat etel\u00e4isess\u00e4 Ranskassa, Brivess\u00e4. Tuotesarja on ollut markkinoilla jo 1990-luvun alusta l\u00e4htien. Sarja erottuu modernina ja innovatiivisena kauneushoitolasarjana. Palveluistamme l\u00f6ytyy my\u00f6s Infuzion System hoitomenetelm\u00e4, sek\u00e4 Suomalainen IN17 Skincare kosmetiikkasarja, joka on kehitetty tulokselliseen ihonhoitoon. &hellip;<\/p>\n","protected":false},"author":1,"featured_media":0,"parent":0,"menu_order":0,"comment_status":"closed","ping_status":"closed","template":"template-front-page-slider.php","meta":{"_acf_changed":false,"footnotes":""},"class_list":["post-51","page","type-page","status-publish","hentry"],"acf":[],"_links":{"self":[{"href":"https:\/\/kauneuskulmakaisa.fi\/index.php\/wp-json\/wp\/v2\/pages\/51","targetHints":{"allow":["GET"]}}],"collection":[{"href":"https:\/\/kauneuskulmakaisa.fi\/index.php\/wp-json\/wp\/v2\/pages"}],"about":[{"href":"https:\/\/kauneuskulmakaisa.fi\/index.php\/wp-json\/wp\/v2\/types\/page"}],"author":[{"embeddable":true,"href":"https:\/\/kauneuskulmakaisa.fi\/index.php\/wp-json\/wp\/v2\/users\/1"}],"replies":[{"embeddable":true,"href":"https:\/\/kauneuskulmakaisa.fi\/index.php\/wp-json\/wp\/v2\/comments?post=51"}],"version-history":[{"count":50,"href":"https:\/\/kauneuskulmakaisa.fi\/index.php\/wp-json\/wp\/v2\/pages\/51\/revisions"}],"predecessor-version":[{"id":1223,"href":"https:\/\/kauneuskulmakaisa.fi\/index.php\/wp-json\/wp\/v2\/pages\/51\/revisions\/1223"}],"wp:attachment":[{"href":"https:\/\/kauneuskulmakaisa.fi\/index.php\/wp-json\/wp\/v2\/media?parent=51"}],"curies":[{"name":"wp","href":"https:\/\/api.w.org\/{rel}","templated":true}]}}